{"id":295,"date":"2017-09-30T15:43:29","date_gmt":"2017-09-30T13:43:29","guid":{"rendered":"http:\/\/www.leo-cardinal-scheffczyk.org\/scheffczyk\/?page_id=295"},"modified":"2017-09-30T19:35:56","modified_gmt":"2017-09-30T17:35:56","slug":"katholische-glaubenswelt","status":"publish","type":"page","link":"http:\/\/www.leo-cardinal-scheffczyk.org\/scheffczyk\/?page_id=295","title":{"rendered":"Katholische Glaubenswelt"},"content":{"rendered":"<p>Neuauflage des Buches:<\/p>\n<p><a href=\"http:\/\/www.leo-cardinal-scheffczyk.org\/scheffczyk\/wp-content\/uploads\/2017\/09\/scheffczyk-glaubenswelt-1.jpg\"><img loading=\"lazy\" class=\"alignleft wp-image-282\" src=\"http:\/\/www.leo-cardinal-scheffczyk.org\/scheffczyk\/wp-content\/uploads\/2017\/09\/scheffczyk-glaubenswelt-1.jpg\" alt=\"\" width=\"255\" height=\"381\" srcset=\"http:\/\/www.leo-cardinal-scheffczyk.org\/scheffczyk\/wp-content\/uploads\/2017\/09\/scheffczyk-glaubenswelt-1.jpg 334w, http:\/\/www.leo-cardinal-scheffczyk.org\/scheffczyk\/wp-content\/uploads\/2017\/09\/scheffczyk-glaubenswelt-1-201x300.jpg 201w\" sizes=\"(max-width: 255px) 100vw, 255px\" \/><\/a><strong>Leo Scheffczyk<\/strong><\/p>\n<h2><span style=\"color: #ff0000;\">Katholische Glaubenswelt<\/span><\/h2>\n<p><strong>Wahrheit und Gestalt<\/strong><\/p>\n<p>Mit einem Interview<br \/>\nmit Papst Benedikt XVI.<br \/>\nund einer Einleitung<br \/>\nvon Johannes Nebel<\/p>\n<p>2008. XXXII + 292 Seiten, Franz. Broschur<br \/>\nISBN 978-3-506-76563-5<\/p>\n<p>Als Theologe von Weltrang bietet Kardinal Leo Scheffczyk in dem vorliegenden Werk einen fundierten, umfassenden und zuverl\u00e4ssigen Leitfaden f\u00fcr jeden, der der Eigenart des katholischen Christentums gr\u00fcndlich auf die Spur gehen will. Das kompakte Buch, das hier in durchgesehener Neuauflage vorgelegt wird, nimmt im Denken Scheffczyk eine Schl\u00fcsselstellung ein und darf zweifellos als ein Verm\u00e4chtnis des Theologen angesehen werden. Er geht darin von der Konkretheit des Katholischen aus, um so das Wesen des Christentums zu ermitteln.<\/p>\n<p>Die argumentative Vorgehensweise offenbart eine Meisterschaft in einem Dialog, der an inhaltlichem Profil orientiert ist, und lenkt \u2013 nicht ohne Selbstkritik an der Erscheinungsweise der eigenen Konfession \u2013 den Blick auf jene Unterscheidungen, die gerade im heutigen Kontext f\u00fcr eine solche Profilierung n\u00f6tig sind. Es handelt sich um ein in seiner Art bislang einzigartiges Buch, das unabdingbar ist f\u00fcr jeden, der das typisch Katholische im pluralistischen Kontext des Gegenwartsbewusstseins ernsthaft konfrontieren will. Mit diesem Werk wird ein gro\u00dfartiges Zeugnis f\u00fcr das Katholische wieder zug\u00e4nglich gemacht, das an seiner Aktualit\u00e4t und Relevanz nicht eingeb\u00fc\u00dft hat. Fast m\u00f6chte man behaupten, der Pontifikat Benedikts XVI. habe ihm neuerlich Bedeutung verschafft: Denn der Papst sch\u00e4tzte Kardinal Scheffczyk als Freund und herausragenden Theologen, mit dem er sich in theologischer Geschwisterlichkeit verbunden f\u00fchlte. In den Grundmaximen ihrer Theologie standen sich beide sehr nahe. Wenn Benedikt XVI. von einer \u00bbDiktatur des Relativismus\u00ab spricht, die \u00bbnichts als endg\u00fcltig\u00ab anerkenne und deren \u00bbletzter Ma\u00dfstab nur das eigene Ich und dessen W\u00fcnsche\u00ab sei, versteht auch Scheffczyk Pluralismus und Liberalismus als gro\u00dfe Herausforderung des Glaubens, worin sich die Objektivit\u00e4t der katholischen Wahrheit zu bew\u00e4hren hat und sich zugleich bew\u00e4hren kann. In diesem Denken steht Scheffczyk im geistigen Kraftfeld gemeinsam mit M\u00e4nnern wie Joseph Ratzinger oder auch John Henry Newman.<\/p>\n<p>Leo Scheffczyk selbst schrieb \u00fcber dieses Buch: \u00bbIn einer Situation, die vorwiegend nach einer allgemeinen \u201aChristlichkeit\u2018 fragt und einem vagen Christianismus zuneigt, m\u00f6chte das Buch eine konkrete Gesamtschau des Katholischen vermitteln. Unter \u201aGestalt\u2018 soll die lebendige Einheit von Geist und Form, von Lehre und Leben, von Gehalt und Struktur katholischen Glaubens gefasst werden, die den Tendenzen eines Pluralismus der Beliebigkeit das Bild einer sinnhaften Einheit entgegenh\u00e4lt. In ihr sind Dynamik und Ordnung, Spannung und Harmonie, Geheimnis und Lebensn\u00e4he zu einem Ganzen zusammengeschlossen, das auch etwas von der lang nicht mehr bedachten \u201aSch\u00f6nheit\u2018 der katholischen Glaubenswelt erahnen l\u00e4sst, die auch auf den modernen Menschen noch werbend wirken kann.\u00ab<\/p>\n<h3>Kardinal Leo Scheffczyk (1920 \u2013 2005)<\/h3>\n<p>Priesterweihe 1947, Professor f\u00fcr Dogmatik von 1959 bis 1965 in T\u00fcbingen und von 1956 bis zu seiner Emeritierung 1985 in M\u00fcnchen, von 1970 bis 1985 Berater der Glaubenskommission der Deutschen Bischofskonferenz, von 1983 bis 2001 Berater beim P\u00e4pstlichen Rat f\u00fcr die Familie, 2001 Erhebung zum Kardinal durch Papst Johannes Paul II.<\/p>\n<p>Das Buch ist erh\u00e4ltlich bei:<\/p>\n<p><a href=\"https:\/\/www.schoeningh.de\/katalog\/titel\/978-3-506-76563-5.html\" target=\"_blank\" rel=\"noopener\">Verlag Ferdinand Sch\u00f6ningh GmbH &amp; Co. KG \u2013 Postfach 2540 \u2013 D-33055 Paderborn <\/a><\/p>\n<p>&nbsp;<\/p>\n","protected":false},"excerpt":{"rendered":"<p>Neuauflage des Buches: Leo Scheffczyk Katholische Glaubenswelt Wahrheit und Gestalt Mit einem Interview mit Papst Benedikt XVI. und einer Einleitung von Johannes Nebel 2008. XXXII + 292 Seiten, Franz. Broschur ISBN 978-3-506-76563-5 Als Theologe von Weltrang bietet Kardinal Leo Scheffczyk in dem vorliegenden Werk einen fundierten, umfassenden und zuverl\u00e4ssigen Leitfaden f\u00fcr jeden, der der Eigenart &#8230; <a title=\"Katholische Glaubenswelt\" class=\"read-more\" href=\"http:\/\/www.leo-cardinal-scheffczyk.org\/scheffczyk\/?page_id=295\">weiterlesen<\/a><\/p>\n","protected":false},"author":1,"featured_media":0,"parent":0,"menu_order":0,"comment_status":"closed","ping_status":"closed","template":"","meta":[],"_links":{"self":[{"href":"http:\/\/www.leo-cardinal-scheffczyk.org\/scheffczyk\/index.php?rest_route=\/wp\/v2\/pages\/295"}],"collection":[{"href":"http:\/\/www.leo-cardinal-scheffczyk.org\/scheffczyk\/index.php?rest_route=\/wp\/v2\/pages"}],"about":[{"href":"http:\/\/www.leo-cardinal-scheffczyk.org\/scheffczyk\/index.php?rest_route=\/wp\/v2\/types\/page"}],"author":[{"embeddable":true,"href":"http:\/\/www.leo-cardinal-scheffczyk.org\/scheffczyk\/index.php?rest_route=\/wp\/v2\/users\/1"}],"replies":[{"embeddable":true,"href":"http:\/\/www.leo-cardinal-scheffczyk.org\/scheffczyk\/index.php?rest_route=%2Fwp%2Fv2%2Fcomments&post=295"}],"version-history":[{"count":0,"href":"http:\/\/www.leo-cardinal-scheffczyk.org\/scheffczyk\/index.php?rest_route=\/wp\/v2\/pages\/295\/revisions"}],"wp:attachment":[{"href":"http:\/\/www.leo-cardinal-scheffczyk.org\/scheffczyk\/index.php?rest_route=%2Fwp%2Fv2%2Fmedia&parent=295"}],"curies":[{"name":"wp","href":"https:\/\/api.w.org\/{rel}","templated":true}]}}